{"id":240,"date":"2020-06-15T11:22:33","date_gmt":"2020-06-15T09:22:33","guid":{"rendered":"https:\/\/ermitamadrededios.com\/?page_id=240"},"modified":"2026-04-20T13:28:59","modified_gmt":"2026-04-20T11:28:59","slug":"inicio","status":"publish","type":"page","link":"https:\/\/ermitamadrededios.com\/","title":{"rendered":"Inicio"},"content":{"rendered":"<p>[et_pb_section fb_built=&#8221;1&#8243; custom_padding_last_edited=&#8221;on|desktop&#8221; admin_label=&#8221;CTA&#8221; _builder_version=&#8221;4.16&#8243; background_color=&#8221;#160b00&#8243; use_background_color_gradient=&#8221;on&#8221; background_color_gradient_stops=&#8221;#160b00 0%|rgba(22,11,0,0) 100%&#8221; background_color_gradient_overlays_image=&#8221;on&#8221; background_color_gradient_start=&#8221;#160b00&#8243; background_color_gradient_end=&#8221;rgba(22,11,0,0)&#8221; background_image=&#8221;https:\/\/ermitamadrededios.com\/wp-content\/uploads\/Inicio_02.jpg&#8221; custom_padding=&#8221;2vw|0|2vw||true|false&#8221; custom_padding_tablet=&#8221;|0px|||false|false&#8221; custom_padding_phone=&#8221;|40px|||false|false&#8221; box_shadow_style=&#8221;preset6&#8243; box_shadow_vertical=&#8221;-412px&#8221; box_shadow_blur=&#8221;500px&#8221; box_shadow_spread=&#8221;-270px&#8221; box_shadow_color=&#8221;#160b00&#8243; saved_tabs=&#8221;all&#8221; locked=&#8221;off&#8221; global_colors_info=&#8221;{}&#8221;][et_pb_row column_structure=&#8221;1_2,1_2&#8243; custom_padding_last_edited=&#8221;on|phone&#8221; _builder_version=&#8221;4.16&#8243; custom_padding=&#8221;18px|0|18px||true|false&#8221; custom_padding_tablet=&#8221;30px||30px||true|false&#8221; custom_padding_phone=&#8221;20px||20px||true|false&#8221; border_width_all=&#8221;2px&#8221; border_color_all=&#8221;#ffcf9a&#8221; global_colors_info=&#8221;{}&#8221;][et_pb_column type=&#8221;1_2&#8243; _builder_version=&#8221;4.16&#8243; global_colors_info=&#8221;{}&#8221;][et_pb_video src=&#8221;https:\/\/www.youtube.com\/watch?v=iYworIYoJIk&#038;t=9s&#8221; play_icon_color=&#8221;#FFFFFF&#8221; font_icon=&#8221;&#x49;||divi||400&#8243; use_icon_font_size=&#8221;on&#8221; icon_font_size=&#8221;82px&#8221; _builder_version=&#8221;4.18.0&#8243; _module_preset=&#8221;default&#8221; custom_margin=&#8221;|||40px|false|false&#8221; global_colors_info=&#8221;{}&#8221;][\/et_pb_video][et_pb_image src=&#8221;https:\/\/ermitamadrededios.com\/wp-content\/uploads\/Boton-Tour-360-Web.png&#8221; title_text=&#8221;Bot\u00f3n Tour 360 (Web)&#8221; url=&#8221;https:\/\/ermitamadrededios.com\/360\/&#8221; url_new_window=&#8221;on&#8221; _builder_version=&#8221;4.16&#8243; _module_preset=&#8221;default&#8221; width=&#8221;60%&#8221; module_alignment=&#8221;center&#8221; custom_margin=&#8221;||11px|||&#8221; custom_padding=&#8221;0px|||||&#8221; global_colors_info=&#8221;{}&#8221;][\/et_pb_image][et_pb_image src=&#8221;https:\/\/ermitamadrededios.com\/wp-content\/uploads\/Icono-Regalo-Sacrum.png&#8221; title_text=&#8221;Icono Regalo Sacrum&#8221; url=&#8221;https:\/\/ermitamadrededios.com\/tarjeta-regalo\/&#8221; align=&#8221;center&#8221; _builder_version=&#8221;4.27.6&#8243; width=&#8221;25%&#8221; max_width=&#8221;25%&#8221; global_colors_info=&#8221;{}&#8221;][\/et_pb_image][\/et_pb_column][et_pb_column type=&#8221;1_2&#8243; _builder_version=&#8221;4.16&#8243; global_colors_info=&#8221;{}&#8221;][et_pb_button button_url=&#8221;https:\/\/module.lafourchette.com\/es_ES\/module\/651451-f7a8c#\/4123093\/dhp&#8221; url_new_window=&#8221;on&#8221; button_text=&#8221;RESERVA ONLINE&#8221; button_alignment=&#8221;center&#8221; disabled_on=&#8221;off|off|off&#8221; _builder_version=&#8221;4.27.6&#8243; custom_button=&#8221;on&#8221; button_text_size=&#8221;14px&#8221; button_text_color=&#8221;#000000&#8243; button_bg_color=&#8221;#E02B20&#8243; button_border_width=&#8221;0px&#8221; button_border_radius=&#8221;0px&#8221; button_letter_spacing=&#8221;2px&#8221; button_font=&#8221;Montserrat|700||on|||||&#8221; custom_margin=&#8221;29px||||false|false&#8221; custom_padding=&#8221;15px|25px|15px|25px|true|true&#8221; hover_enabled=&#8221;0&#8243; locked=&#8221;off&#8221; global_colors_info=&#8221;{}&#8221; button_text_color__hover=&#8221;#160b00&#8243; button_text_color__hover_enabled=&#8221;off&#8221; button_bg_color__hover=&#8221;#ffebd6&#8243; button_bg_color__hover_enabled=&#8221;on&#8221; button_bg_enable_color__hover=&#8221;on&#8221; button_bg_enable_color=&#8221;on&#8221; sticky_enabled=&#8221;0&#8243;][\/et_pb_button][et_pb_button button_url=&#8221;@ET-DC@eyJkeW5hbWljIjp0cnVlLCJjb250ZW50IjoicG9zdF9saW5rX3VybF9wYWdlIiwic2V0dGluZ3MiOnsicG9zdF9pZCI6IjUyMSJ9fQ==@&#8221; button_text=&#8221;RESTAURANTE&#8221; button_alignment=&#8221;center&#8221; _builder_version=&#8221;4.27.4&#8243; _dynamic_attributes=&#8221;button_url&#8221; custom_button=&#8221;on&#8221; button_text_size=&#8221;14px&#8221; button_text_color=&#8221;#000000&#8243; button_bg_color=&#8221;#ffcf9a&#8221; button_border_width=&#8221;0px&#8221; button_border_radius=&#8221;0px&#8221; button_letter_spacing=&#8221;2px&#8221; button_font=&#8221;Montserrat|700||on|||||&#8221; custom_margin=&#8221;29px||||false|false&#8221; custom_padding=&#8221;15px|25px|15px|25px|true|true&#8221; locked=&#8221;off&#8221; global_colors_info=&#8221;{}&#8221; button_text_color__hover=&#8221;#160b00&#8243; button_text_color__hover_enabled=&#8221;off&#8221; button_bg_color__hover=&#8221;#ffebd6&#8243; button_bg_color__hover_enabled=&#8221;on&#8221; button_bg_enable_color__hover=&#8221;on&#8221;][\/et_pb_button][et_pb_button button_url=&#8221;https:\/\/ermitamadrededios.com\/eventos\/&#8221; button_text=&#8221;EVENTOS&#8221; button_alignment=&#8221;center&#8221; _builder_version=&#8221;4.16&#8243; custom_button=&#8221;on&#8221; button_text_size=&#8221;14px&#8221; button_text_color=&#8221;#000000&#8243; button_bg_color=&#8221;#ffcf9a&#8221; button_border_width=&#8221;0px&#8221; button_border_radius=&#8221;0px&#8221; button_letter_spacing=&#8221;2px&#8221; button_font=&#8221;Montserrat|700||on|||||&#8221; custom_margin=&#8221;23px||||false|false&#8221; custom_padding=&#8221;15px|25px|15px|25px|true|true&#8221; locked=&#8221;off&#8221; global_colors_info=&#8221;{}&#8221; button_text_color__hover=&#8221;#160b00&#8243; button_text_color__hover_enabled=&#8221;off&#8221; button_bg_color__hover=&#8221;#ffebd6&#8243; button_bg_color__hover_enabled=&#8221;on&#8221; button_bg_enable_color__hover=&#8221;on&#8221;][\/et_pb_button][et_pb_button button_url=&#8221;https:\/\/ermitamadrededios.com\/tarjeta-regalo\/&#8221; button_text=&#8221;TARJETA REGALO&#8221; button_alignment=&#8221;center&#8221; _builder_version=&#8221;4.27.6&#8243; custom_button=&#8221;on&#8221; button_text_size=&#8221;14px&#8221; button_text_color=&#8221;#000000&#8243; button_bg_color=&#8221;#ffcf9a&#8221; button_border_width=&#8221;0px&#8221; button_border_radius=&#8221;0px&#8221; button_letter_spacing=&#8221;2px&#8221; button_font=&#8221;Montserrat|700||on|||||&#8221; custom_margin=&#8221;23px||||false|false&#8221; custom_padding=&#8221;15px|25px|15px|25px|true|true&#8221; locked=&#8221;off&#8221; global_colors_info=&#8221;{}&#8221; button_text_color__hover=&#8221;#160b00&#8243; button_text_color__hover_enabled=&#8221;off&#8221; button_bg_color__hover=&#8221;#ffebd6&#8243; button_bg_color__hover_enabled=&#8221;on&#8221; button_bg_enable_color__hover=&#8221;on&#8221;][\/et_pb_button][et_pb_button button_url=&#8221;https:\/\/ermitamadrededios.com\/contacto\/&#8221; button_text=&#8221;Contacta&#8221; button_alignment=&#8221;center&#8221; _builder_version=&#8221;4.16&#8243; custom_button=&#8221;on&#8221; button_text_size=&#8221;14px&#8221; button_text_color=&#8221;#000000&#8243; button_bg_color=&#8221;#ffcf9a&#8221; button_border_width=&#8221;0px&#8221; button_border_radius=&#8221;0px&#8221; button_letter_spacing=&#8221;2px&#8221; button_font=&#8221;Montserrat|700||on|||||&#8221; custom_margin=&#8221;26px||||false|false&#8221; custom_padding=&#8221;15px|25px|15px|25px|true|true&#8221; locked=&#8221;off&#8221; global_colors_info=&#8221;{}&#8221; button_text_color__hover=&#8221;#160b00&#8243; button_text_color__hover_enabled=&#8221;off&#8221; button_bg_color__hover=&#8221;#ffebd6&#8243; button_bg_color__hover_enabled=&#8221;on&#8221; button_bg_enable_color__hover=&#8221;on&#8221;][\/et_pb_button][\/et_pb_column][\/et_pb_row][\/et_pb_section][et_pb_section fb_built=&#8221;1&#8243; _builder_version=&#8221;4.16&#8243; _module_preset=&#8221;default&#8221; background_color=&#8221;#161616&#8243; custom_padding=&#8221;0px||3px|||&#8221; global_module=&#8221;1594&#8243; saved_tabs=&#8221;all&#8221; global_colors_info=&#8221;{}&#8221;][et_pb_row column_structure=&#8221;1_3,1_3,1_3&#8243; _builder_version=&#8221;4.27.0&#8243; _module_preset=&#8221;default&#8221; custom_padding=&#8221;||0px|||&#8221; global_colors_info=&#8221;{}&#8221;][et_pb_column type=&#8221;1_3&#8243; _builder_version=&#8221;4.27.0&#8243; _module_preset=&#8221;default&#8221; global_colors_info=&#8221;{}&#8221;][et_pb_code _builder_version=&#8221;4.27.4&#8243; _module_preset=&#8221;default&#8221; global_colors_info=&#8221;{}&#8221;]<\/p>\n<table style=\"border: hidden\"><!-- [et_pb_line_break_holder] --><\/p>\n<tbody>\n<tr><!-- [et_pb_line_break_holder] --><\/p>\n<td aling=\"center\" style=\"border: hidden\">\n<figure class=\"wp-block-image aligncenter size-large\"><img loading=\"lazy\" decoding=\"async\" src=\"https:\/\/ermitamadrededios.com\/wp-content\/uploads\/Logo-OleotourJaen_Version-Principal-Negativo.png\" width=\"100\" height=\"100\" alt=\"\" class=\"wp-image-994\"><\/figure>\n<\/td>\n<p><!-- [et_pb_line_break_holder] -->  <\/p>\n<td aling=\"center\" style=\"border: hidden\">\n<figure class=\"wp-block-image aligncenter size-large\"><img loading=\"lazy\" decoding=\"async\" src=\"https:\/\/ermitamadrededios.com\/wp-content\/uploads\/Degusta-Jaen-calidad-Oro-R-1.png\" width=\"100\" height=\"100\" alt=\"\" class=\"wp-image-994\"><\/figure>\n<\/td>\n<p><!-- [et_pb_line_break_holder] --><\/p>\n<td aling=\"center\" style=\"border: hidden\">\n<figure class=\"wp-block-image aligncenter size-large\"><img loading=\"lazy\" decoding=\"async\" src=\"https:\/\/ermitamadrededios.com\/wp-content\/uploads\/SICTED-1.png\" width=\"100\" height=\"100\" alt=\"\" class=\"wp-image-994\"><\/figure>\n<\/td>\n<\/tr>\n<\/tbody>\n<\/table>\n<p>[\/et_pb_code][et_pb_code _builder_version=&#8221;4.27.0&#8243; _module_preset=&#8221;default&#8221; min_height=&#8221;0px&#8221; global_colors_info=&#8221;{}&#8221;][\/et_pb_code][\/et_pb_column][et_pb_column type=&#8221;1_3&#8243; _builder_version=&#8221;4.27.0&#8243; _module_preset=&#8221;default&#8221; global_colors_info=&#8221;{}&#8221;][et_pb_social_media_follow icon_color=&#8221;#000000&#8243; _builder_version=&#8221;4.27.4&#8243; _module_preset=&#8221;default&#8221; background_color=&#8221;RGBA(255,255,255,0)&#8221; custom_button=&#8221;on&#8221; button_text_color=&#8221;#E09900&#8243; text_orientation=&#8221;center&#8221; global_colors_info=&#8221;{}&#8221;][et_pb_social_media_follow_network social_network=&#8221;facebook&#8221; url=&#8221;https:\/\/www.facebook.com\/ermitamadrededios\/&#8221; _builder_version=&#8221;4.27.0&#8243; _module_preset=&#8221;default&#8221; background_color=&#8221;#c69800&#8243; background_enable_color=&#8221;on&#8221; global_colors_info=&#8221;{}&#8221; follow_button=&#8221;off&#8221; url_new_window=&#8221;on&#8221;]facebook[\/et_pb_social_media_follow_network][et_pb_social_media_follow_network social_network=&#8221;instagram&#8221; url=&#8221;https:\/\/www.instagram.com\/ermitamadrededios\/&#8221; _builder_version=&#8221;4.27.0&#8243; _module_preset=&#8221;default&#8221; background_color=&#8221;#c69800&#8243; background_enable_color=&#8221;on&#8221; global_colors_info=&#8221;{}&#8221; follow_button=&#8221;off&#8221; url_new_window=&#8221;on&#8221;]instagram[\/et_pb_social_media_follow_network][et_pb_social_media_follow_network social_network=&#8221;youtube&#8221; url=&#8221;https:\/\/www.youtube.com\/channel\/UCwfoyw8A4jgI_UwVPQTb7Vg&#8221; _builder_version=&#8221;4.27.0&#8243; _module_preset=&#8221;default&#8221; background_color=&#8221;#c69800&#8243; background_enable_color=&#8221;on&#8221; global_colors_info=&#8221;{}&#8221; follow_button=&#8221;off&#8221; url_new_window=&#8221;on&#8221;]youtube[\/et_pb_social_media_follow_network][et_pb_social_media_follow_network social_network=&#8221;linkedin&#8221; url=&#8221;https:\/\/www.linkedin.com\/company\/ermita-madre-de-dios&#8221; _builder_version=&#8221;4.27.0&#8243; _module_preset=&#8221;default&#8221; background_color=&#8221;#c69800&#8243; background_enable_color=&#8221;on&#8221; global_colors_info=&#8221;{}&#8221; follow_button=&#8221;off&#8221; url_new_window=&#8221;on&#8221;]linkedin[\/et_pb_social_media_follow_network][\/et_pb_social_media_follow][\/et_pb_column][et_pb_column type=&#8221;1_3&#8243; _builder_version=&#8221;4.27.0&#8243; _module_preset=&#8221;default&#8221; global_colors_info=&#8221;{}&#8221;][et_pb_code _builder_version=&#8221;4.27.4&#8243; _module_preset=&#8221;default&#8221; global_colors_info=&#8221;{}&#8221;]<\/p>\n<table style=\"border: hidden\"><!-- [et_pb_line_break_holder] --><\/p>\n<tbody>\n<tr><!-- [et_pb_line_break_holder] --><\/p>\n<td aling=\"center\" style=\"border: hidden\">\n<figure class=\"wp-block-image aligncenter size-large\"><img loading=\"lazy\" decoding=\"async\" src=\"https:\/\/ermitamadrededios.com\/wp-content\/uploads\/Animation_TC_2022.gif\" width=\"100\" height=\"100\" alt=\"\" class=\"wp-image-994\"><\/figure>\n<\/td>\n<p><!-- [et_pb_line_break_holder] -->  <\/p>\n<td aling=\"center\" style=\"border: hidden\">\n<figure class=\"wp-block-image aligncenter size-large\"><img loading=\"lazy\" decoding=\"async\" src=\"https:\/\/ermitamadrededios.com\/wp-content\/uploads\/CO2-1.png\" width=\"100\" height=\"100\" alt=\"\" class=\"wp-image-994\"><\/figure>\n<\/td>\n<p><!-- [et_pb_line_break_holder] --><\/p>\n<td aling=\"center\" style=\"border: hidden\">\n<figure class=\"wp-block-image aligncenter size-large\"><img loading=\"lazy\" decoding=\"async\" src=\"https:\/\/ermitamadrededios.com\/wp-content\/uploads\/Sello-Ermita-Madre-de-Dios-Calculo-y-compenso.png\" width=\"100\" height=\"100\" alt=\"\" class=\"wp-image-994\"><\/figure>\n<\/td>\n<\/tr>\n<\/tbody>\n<\/table>\n<p>[\/et_pb_code][\/et_pb_column][\/et_pb_row][\/et_pb_section][et_pb_section fb_built=&#8221;1&#8243; _builder_version=&#8221;4.16&#8243; _module_preset=&#8221;default&#8221; background_color=&#8221;#c9c9c9&#8243; custom_padding=&#8221;0px||0px|||&#8221; global_colors_info=&#8221;{}&#8221;][et_pb_row column_structure=&#8221;2_5,3_5&#8243; _builder_version=&#8221;4.16&#8243; _module_preset=&#8221;default&#8221; global_colors_info=&#8221;{}&#8221;][et_pb_column type=&#8221;2_5&#8243; _builder_version=&#8221;4.16&#8243; _module_preset=&#8221;default&#8221; global_colors_info=&#8221;{}&#8221;][et_pb_image src=&#8221;https:\/\/ermitamadrededios.com\/wp-content\/uploads\/Logos-Subvencion.png&#8221; title_text=&#8221;Logos Subvencion&#8221; _builder_version=&#8221;4.16&#8243; _module_preset=&#8221;default&#8221; width=&#8221;100%&#8221; global_colors_info=&#8221;{}&#8221;][\/et_pb_image][\/et_pb_column][et_pb_column type=&#8221;3_5&#8243; _builder_version=&#8221;4.16&#8243; _module_preset=&#8221;default&#8221; global_colors_info=&#8221;{}&#8221;][et_pb_text _builder_version=&#8221;4.16&#8243; _module_preset=&#8221;default&#8221; global_colors_info=&#8221;{}&#8221;]<\/p>\n<p>Ermita Madre de Dios S.L. ha recibido una ayuda de la Uni\u00f3n Europea con<br \/> cargo al Fondo Europeo Agr\u00edcola de Desarrollo Rural y la Consejer\u00eda de Agricultura, Ganader\u00eda,<br \/> Pesca y Desarrollo Sostenible de la Junta de Andaluc\u00eda para la creaci\u00f3n de un complejo hostelero y tur\u00edstico en \u00dabeda que tiene por objetivos recuperar las antiguas ruinas de la ermita, ofrecer servicios tur\u00edsticos de calidad, crear empleo bajo la premisa de igualdad de g\u00e9nero, innovar y contribuir al cambio clim\u00e1tico y cuidado medio ambiental.<\/p>\n<p>[\/et_pb_text][\/et_pb_column][\/et_pb_row][et_pb_row _builder_version=&#8221;4.27.4&#8243; _module_preset=&#8221;default&#8221; global_colors_info=&#8221;{}&#8221;][et_pb_column type=&#8221;4_4&#8243; _builder_version=&#8221;4.27.4&#8243; _module_preset=&#8221;default&#8221; global_colors_info=&#8221;{}&#8221;][et_pb_text _builder_version=&#8221;4.27.4&#8243; _module_preset=&#8221;default&#8221; link_option_url=&#8221;https:\/\/ermitamadrededios.com\/wp-content\/uploads\/POLITICAS-WEB-Ermita-Madre-de-Dios.pdf&#8221; link_option_url_new_window=&#8221;on&#8221; global_colors_info=&#8221;{}&#8221;]<\/p>\n<p>Pol\u00edticas y avisos legales<\/p>\n<p>[\/et_pb_text][\/et_pb_column][\/et_pb_row][\/et_pb_section]<\/p>\n","protected":false},"excerpt":{"rendered":"<p>Ermita Madre de Dios S.L. ha recibido una ayuda de la Uni\u00f3n Europea con cargo al Fondo Europeo Agr\u00edcola de Desarrollo Rural y la Consejer\u00eda de Agricultura, Ganader\u00eda, Pesca y Desarrollo Sostenible de la Junta de Andaluc\u00eda para la creaci\u00f3n de un complejo hostelero y tur\u00edstico en \u00dabeda que tiene por objetivos recuperar las antiguas [&hellip;]<\/p>\n","protected":false},"author":2,"featured_media":0,"parent":0,"menu_order":0,"comment_status":"closed","ping_status":"closed","template":"","meta":{"_et_pb_use_builder":"on","_et_pb_old_content":"","_et_gb_content_width":"","footnotes":""},"class_list":["post-240","page","type-page","status-publish","hentry"],"jetpack_sharing_enabled":true,"_links":{"self":[{"href":"https:\/\/ermitamadrededios.com\/en\/wp-json\/wp\/v2\/pages\/240","targetHints":{"allow":["GET"]}}],"collection":[{"href":"https:\/\/ermitamadrededios.com\/en\/wp-json\/wp\/v2\/pages"}],"about":[{"href":"https:\/\/ermitamadrededios.com\/en\/wp-json\/wp\/v2\/types\/page"}],"author":[{"embeddable":true,"href":"https:\/\/ermitamadrededios.com\/en\/wp-json\/wp\/v2\/users\/2"}],"replies":[{"embeddable":true,"href":"https:\/\/ermitamadrededios.com\/en\/wp-json\/wp\/v2\/comments?post=240"}],"version-history":[{"count":138,"href":"https:\/\/ermitamadrededios.com\/en\/wp-json\/wp\/v2\/pages\/240\/revisions"}],"predecessor-version":[{"id":1896,"href":"https:\/\/ermitamadrededios.com\/en\/wp-json\/wp\/v2\/pages\/240\/revisions\/1896"}],"wp:attachment":[{"href":"https:\/\/ermitamadrededios.com\/en\/wp-json\/wp\/v2\/media?parent=240"}],"curies":[{"name":"wp","href":"https:\/\/api.w.org\/{rel}","templated":true}]}}